{"id":2381,"date":"2017-03-24T03:46:37","date_gmt":"2017-03-24T00:46:37","guid":{"rendered":"https:\/\/www.dentaloft.com.tr\/iletisim\/"},"modified":"2022-11-05T16:40:37","modified_gmt":"2022-11-05T13:40:37","slug":"contact","status":"publish","type":"page","link":"https:\/\/www.dentaloft.com.tr\/en\/contact\/","title":{"rendered":"Contact"},"content":{"rendered":"<p>[vc_row][vc_column][vc_custom_heading text=&#8221;Our Contact Informaiton&#8221; font_container=&#8221;tag:h3|font_size:36px|text_align:center|line_height:1&#8243; use_theme_fonts=&#8221;yes&#8221; css=&#8221;.vc_custom_1667568930927{margin-bottom: 0px !important;}&#8221;][vc_empty_space height=&#8221;50px&#8221;][\/vc_column][\/vc_row][vc_row][vc_column width=&#8221;1\/2&#8243;][vc_column_text css=&#8221;.vc_custom_1667568989571{margin-bottom: 0px !important;}&#8221;]<strong>Call Now<\/strong><\/p>\n<p>0 212 555 LOFT (5638)<\/p>\n<p><strong>Contact Us<\/strong><\/p>\n<p>info@dentaloft.com.tr<\/p>\n<p><strong>Addrres: Levent G\u00fcltepe Poliklini\u011fi<\/strong><\/p>\n<p>Ortabay\u0131r Mah. Talatpa\u015fa Cad. No:19\/02 G\u00fcltepe \u0130stanbul<\/p>\n<p><strong>Working Hours<\/strong><\/p>\n<p>Weekdays: 09:00 \/ 22:00<\/p>\n<p>Saturday: 09:00 \/ 20:00<\/p>\n<p>Sunday: 11:00 \/ 19:00[\/vc_column_text][\/vc_column][vc_column width=&#8221;1\/2&#8243;][vc_empty_space height=&#8221;15px&#8221;][vc_gmaps link=&#8221;#E-8_JTNDaWZyYW1lJTIwc3JjJTNEJTIyaHR0cHMlM0ElMkYlMkZ3d3cuZ29vZ2xlLmNvbSUyRm1hcHMlMkZlbWJlZCUzRnBiJTNEJTIxMW0xOCUyMTFtMTIlMjExbTMlMjExZDMwMDcuNTIzMDU0NTI5OTEyOCUyMTJkMjkuMDA2NDcwMTAwMDAwMDEyJTIxM2Q0MS4wNzk0MTY5OTk5OTk5OSUyMTJtMyUyMTFmMCUyMTJmMCUyMTNmMCUyMTNtMiUyMTFpMTAyNCUyMTJpNzY4JTIxNGYxMy4xJTIxM20zJTIxMW0yJTIxMXMweDAlMjUzQTB4M2YyZGNmYzg2NGU1NjI0NCUyMTJ6dzVaNlpXd2dSR1Z1ZEdGTWIyWjBJRUhFbjhTeGVpQjJaU0JFYWNXZklGTmh4SjlzeExIRW44U3hJRkJ2YkdscmJHbHVhY1NmYVElMjE1ZTAlMjEzbTIlMjExc3RyJTIxMnN0ciUyMTR2MTY1OTYzMjk4ODA4OSUyMTVtMiUyMTFzdHIlMjEyc3RyJTIyJTIwd2lkdGglM0QlMjI2MDAlMjIlMjBoZWlnaHQlM0QlMjI0NTAlMjIlMjBzdHlsZSUzRCUyMmJvcmRlciUzQTAlM0IlMjIlMjBhbGxvd2Z1bGxzY3JlZW4lM0QlMjIlMjIlMjBsb2FkaW5nJTNEJTIybGF6eSUyMiUyMHJlZmVycmVycG9saWN5JTNEJTIybm8tcmVmZXJyZXItd2hlbi1kb3duZ3JhZGUlMjIlM0UlM0MlMkZpZnJhbWUlM0U=&#8221;][vc_empty_space height=&#8221;40px&#8221;][\/vc_column][\/vc_row][vc_row css=&#8221;.vc_custom_1491236164137{margin-top: 50px !important;}&#8221;][vc_column][vc_custom_heading text=&#8221;Contact Form&#8221; font_container=&#8221;tag:h3|font_size:36px|text_align:center|line_height:1&#8243; use_theme_fonts=&#8221;yes&#8221; css=&#8221;.vc_custom_1667654986382{margin-bottom: 0px !important;}&#8221;][vc_empty_space height=&#8221;40px&#8221;]\n<div class=\"wpcf7 no-js\" id=\"wpcf7-f2476-o1\" lang=\"en-US\" dir=\"ltr\" data-wpcf7-id=\"2476\">\n<div class=\"screen-reader-response\"><p role=\"status\" aria-live=\"polite\" aria-atomic=\"true\"><\/p> <ul><\/ul><\/div>\n<form action=\"\/en\/wp-json\/wp\/v2\/pages\/2381#wpcf7-f2476-o1\" method=\"post\" class=\"wpcf7-form init\" aria-label=\"Contact form\" novalidate=\"novalidate\" data-status=\"init\">\n<fieldset class=\"hidden-fields-container\"><input type=\"hidden\" name=\"_wpcf7\" value=\"2476\" \/><input type=\"hidden\" name=\"_wpcf7_version\" value=\"6.1.5\" \/><input type=\"hidden\" name=\"_wpcf7_locale\" value=\"en_US\" \/><input type=\"hidden\" name=\"_wpcf7_unit_tag\" value=\"wpcf7-f2476-o1\" \/><input type=\"hidden\" name=\"_wpcf7_container_post\" value=\"0\" \/><input type=\"hidden\" name=\"_wpcf7_posted_data_hash\" value=\"\" \/>\n<\/fieldset>\n<div class=\"uk-grid-small uk-margin-remove-top uk-grid \">\n\t<div class=\"uk-width-1-1@m uk-grid-margin\">\n\t\t<div class=\"uk-inline uk-width-1-1@m \">\n\t\t\t<p><span class=\"uk-form-icon uk-icon\" data-ukicon=\"icon: user\"><\/span><span class=\"wpcf7-form-control-wrap\" data-name=\"text-546\"><input size=\"40\" maxlength=\"400\" class=\"wpcf7-form-control wpcf7-text wpcf7-validates-as-required uk-input\" aria-required=\"true\" aria-invalid=\"false\" placeholder=\"Your name*\" value=\"\" type=\"text\" name=\"text-546\" \/><\/span>\n\t\t\t<\/p>\n\t\t<\/div>\n\t<\/div>\n\t<div class=\"uk-width-1-1@m uk-grid-margin\">\n\t\t<div class=\"uk-inline uk-width-1-1@m \">\n\t\t\t<p><span class=\"uk-form-icon uk-icon\" data-ukicon=\"icon: mail\"><\/span><span class=\"wpcf7-form-control-wrap\" data-name=\"email-917\"><input size=\"40\" maxlength=\"400\" class=\"wpcf7-form-control wpcf7-email wpcf7-validates-as-required wpcf7-text wpcf7-validates-as-email uk-input\" aria-required=\"true\" aria-invalid=\"false\" placeholder=\"Email*\" value=\"\" type=\"email\" name=\"email-917\" \/><\/span>\n\t\t\t<\/p>\n\t\t<\/div>\n\t<\/div>\n\t<div class=\"uk-width-1-1@m uk-grid-margin\">\n\t\t<div class=\"uk-inline uk-width-1-1@m \">\n\t\t\t<p><span class=\"uk-form-icon uk-icon\" data-ukicon=\"icon: phone\"><\/span><span class=\"wpcf7-form-control-wrap\" data-name=\"tel-182\"><input size=\"40\" maxlength=\"400\" class=\"wpcf7-form-control wpcf7-tel wpcf7-validates-as-required wpcf7-text wpcf7-validates-as-tel uk-input\" aria-required=\"true\" aria-invalid=\"false\" placeholder=\"Phone*\" value=\"\" type=\"tel\" name=\"tel-182\" \/><\/span>\n\t\t\t<\/p>\n\t\t<\/div>\n\t<\/div>\n\t<div class=\"uk-width-1-1@m uk-grid-margin\">\n\t\t<div class=\"uk-inline uk-width-1-1@m \">\n\t\t\t<p><span class=\"uk-form-icon textarea-icon uk-icon\" data-ukicon=\"icon: comment\"><\/span><span class=\"wpcf7-form-control-wrap\" data-name=\"textarea-685\"><textarea cols=\"40\" rows=\"10\" maxlength=\"2000\" class=\"wpcf7-form-control wpcf7-textarea wpcf7-validates-as-required uk-textarea uk-height-small\" aria-required=\"true\" aria-invalid=\"false\" placeholder=\"Message...*\" name=\"textarea-685\"><\/textarea><\/span>\n\t\t\t<\/p>\n\t\t<\/div>\n\t<\/div>\n\t<div class=\"uk-width-1-1@m uk-grid-margin uk-text-left\">\n\t\t<p><input class=\"wpcf7-form-control wpcf7-submit has-spinner uk-button uk-button-default\" type=\"submit\" value=\"Send\" \/>\n\t\t<\/p>\n\t<\/div>\n<\/div><p style=\"display: none !important;\" class=\"akismet-fields-container\" data-prefix=\"_wpcf7_ak_\"><label>&#916;<textarea name=\"_wpcf7_ak_hp_textarea\" cols=\"45\" rows=\"8\" maxlength=\"100\"><\/textarea><\/label><input type=\"hidden\" id=\"ak_js_1\" name=\"_wpcf7_ak_js\" value=\"60\"\/><script>document.getElementById( \"ak_js_1\" ).setAttribute( \"value\", ( new Date() ).getTime() );<\/script><\/p><div class=\"wpcf7-response-output\" aria-hidden=\"true\"><\/div>\n<\/form>\n<\/div>\n[vc_empty_space height=&#8221;40px&#8221;][\/vc_column][\/vc_row]<\/p>\n","protected":false},"excerpt":{"rendered":"<p>[vc_row][vc_column][vc_custom_heading text=&#8221;Our Contact Informaiton&#8221; font_container=&#8221;tag:h3|font_size:36px|text_align:center|line_height:1&#8243; use_theme_fonts=&#8221;yes&#8221; css=&#8221;.vc_custom_1667568930927{margin-bottom: 0px !important;}&#8221;][vc_empty_space height=&#8221;50px&#8221;][\/vc_column][\/vc_row][vc_row][vc_column width=&#8221;1\/2&#8243;][vc_column_text css=&#8221;.vc_custom_1667568989571{margin-bottom: 0px !important;}&#8221;]Call Now 0 212 555 LOFT (5638) Contact Us info@dentaloft.com.tr Addrres: Levent G\u00fcltepe Poliklini\u011fi Ortabay\u0131r Mah. Talatpa\u015fa Cad. No:19\/02 G\u00fcltepe \u0130stanbul Working Hours Weekdays: 09:00 \/ 22:00 Saturday: 09:00 \/ 20:00 Sunday: 11:00 \/ 19:00[\/vc_column_text][\/vc_column][vc_column width=&#8221;1\/2&#8243;][vc_empty_space height=&#8221;15px&#8221;][vc_gmaps link=&#8221;#E-8_JTNDaWZyYW1lJTIwc3JjJTNEJTIyaHR0cHMlM0ElMkYlMkZ3d3cuZ29vZ2xlLmNvbSUyRm1hcHMlMkZlbWJlZCUzRnBiJTNEJTIxMW0xOCUyMTFtMTIlMjExbTMlMjExZDMwMDcuNTIzMDU0NTI5OTEyOCUyMTJkMjkuMDA2NDcwMTAwMDAwMDEyJTIxM2Q0MS4wNzk0MTY5OTk5OTk5OSUyMTJtMyUyMTFmMCUyMTJmMCUyMTNmMCUyMTNtMiUyMTFpMTAyNCUyMTJpNzY4JTIxNGYxMy4xJTIxM20zJTIxMW0yJTIxMXMweDAlMjUzQTB4M2YyZGNmYzg2NGU1NjI0NCUyMTJ6dzVaNlpXd2dSR1Z1ZEdGTWIyWjBJRUhFbjhTeGVpQjJaU0JFYWNXZklGTmh4SjlzeExIRW44U3hJRkJ2YkdscmJHbHVhY1NmYVElMjE1ZTAlMjEzbTIlMjExc3RyJTIxMnN0ciUyMTR2MTY1OTYzMjk4ODA4OSUyMTVtMiUyMTFzdHIlMjEyc3RyJTIyJTIwd2lkdGglM0QlMjI2MDAlMjIlMjBoZWlnaHQlM0QlMjI0NTAlMjIlMjBzdHlsZSUzRCUyMmJvcmRlciUzQTAlM0IlMjIlMjBhbGxvd2Z1bGxzY3JlZW4lM0QlMjIlMjIlMjBsb2FkaW5nJTNEJTIybGF6eSUyMiUyMHJlZmVycmVycG9saWN5JTNEJTIybm8tcmVmZXJyZXItd2hlbi1kb3duZ3JhZGUlMjIlM0UlM0MlMkZpZnJhbWUlM0U=&#8221;][vc_empty_space height=&#8221;40px&#8221;][\/vc_column][\/vc_row][vc_row css=&#8221;.vc_custom_1491236164137{margin-top: 50px !important;}&#8221;][vc_column][vc_custom_heading [&hellip;]<\/p>\n","protected":false},"author":1,"featured_media":0,"parent":0,"menu_order":0,"comment_status":"closed","ping_status":"closed","template":"","meta":{"footnotes":""},"class_list":["post-2381","page","type-page","status-publish","hentry"],"_links":{"self":[{"href":"https:\/\/www.dentaloft.com.tr\/en\/wp-json\/wp\/v2\/pages\/2381","targetHints":{"allow":["GET"]}}],"collection":[{"href":"https:\/\/www.dentaloft.com.tr\/en\/wp-json\/wp\/v2\/pages"}],"about":[{"href":"https:\/\/www.dentaloft.com.tr\/en\/wp-json\/wp\/v2\/types\/page"}],"author":[{"embeddable":true,"href":"https:\/\/www.dentaloft.com.tr\/en\/wp-json\/wp\/v2\/users\/1"}],"replies":[{"embeddable":true,"href":"https:\/\/www.dentaloft.com.tr\/en\/wp-json\/wp\/v2\/comments?post=2381"}],"version-history":[{"count":4,"href":"https:\/\/www.dentaloft.com.tr\/en\/wp-json\/wp\/v2\/pages\/2381\/revisions"}],"predecessor-version":[{"id":2478,"href":"https:\/\/www.dentaloft.com.tr\/en\/wp-json\/wp\/v2\/pages\/2381\/revisions\/2478"}],"wp:attachment":[{"href":"https:\/\/www.dentaloft.com.tr\/en\/wp-json\/wp\/v2\/media?parent=2381"}],"curies":[{"name":"wp","href":"https:\/\/api.w.org\/{rel}","templated":true}]}}